{"id":547,"date":"2022-08-11T13:22:41","date_gmt":"2022-08-11T13:22:41","guid":{"rendered":"http:\/\/hodowlawaterlily.pl\/?page_id=547"},"modified":"2024-09-18T10:29:34","modified_gmt":"2024-09-18T10:29:34","slug":"jak-zarezerwowac-kociaka-w-hodowli-water-lily","status":"publish","type":"page","link":"https:\/\/hodowlawaterlily.pl\/?page_id=547","title":{"rendered":"REZERWACJA"},"content":{"rendered":"\n<h3 class=\"wp-block-heading\">Jak Zarezerwowa\u0107 Kociaka w Hodowli Water Lily?<\/h3>\n\n\n\n<p>Marzysz o powi\u0119kszeniu swojej rodziny o wyj\u0105tkowego kociaka rasy rosyjskiej niebieskiej?  Oto jak mo\u017cesz zarezerwowa\u0107 kociaka w naszej hodowli.<\/p>\n\n\n\n<h5 class=\"wp-block-heading\">Skontaktuj si\u0119 z nami<\/h5>\n\n\n\n<p><br>Aby rozpocz\u0105\u0107 proces rezerwacji, napisz do nas na adres e-mail: <a>poczta@hodowlawaterlily.pl<\/a> lub zadzwo\u0144 pod numery: 501 107 624 lub 517 016 575. Ch\u0119tnie odpowiemy na wszystkie pytania i udzielimy szczeg\u00f3\u0142owych informacji o dost\u0119pnych kociakach.<\/p>\n\n\n\n<p><\/p>\n\n\n\n<p><strong>Otrzymaj umow\u0119 kupna-sprzeda\u017cy<\/strong><br>Po skontaktowaniu si\u0119 z nami, prze\u015blemy Ci umow\u0119 kupna-sprzeda\u017cy, kt\u00f3r\u0105 nale\u017cy dok\u0142adnie przeczyta\u0107 i podpisa\u0107. Umowa ta stanowi formalne potwierdzenie rezerwacji.<\/p>\n\n\n\n<p><\/p>\n\n\n\n<p><strong>Wp\u0142a\u0107 zadatek<\/strong><br>Po podpisaniu umowy, wp\u0142a\u0107 zadatek. Jest on cz\u0119\u015bci\u0105 ca\u0142kowitej ceny zakupu i gwarantuje rezerwacj\u0119 wybranego kociaka. W razie pyta\u0144 dotycz\u0105cych p\u0142atno\u015bci, jeste\u015bmy do Twojej dyspozycji.<\/p>\n\n\n\n<p><\/p>\n\n\n\n<p><strong>Przygotowanie na przyj\u0119cie kociaka<\/strong><\/p>\n\n\n\n<p>Po wp\u0142acie zadatku otrzymasz od nas wiadomo\u015b\u0107 z informacjami na temat przygotowania si\u0119 do przyj\u0119cia kociaka. Znajdziesz tam szczeg\u00f3\u0142owe porady dotycz\u0105ce wyboru odpowiednich akcesori\u00f3w, karmienia oraz zapewnienia komfortowego i bezpiecznego \u015brodowiska dla Twojego nowego pupila.<\/p>\n\n\n\n<p><\/p>\n\n\n\n<p><strong>Odbi\u00f3r kociaka<\/strong><br>Kociak b\u0119dzie gotowy do przeprowadzki do Twojego domu po uko\u0144czeniu 12 tygodni \u017cycia. W mi\u0119dzyczasie zapewnimy mu odpowiedni\u0105 opiek\u0119, socjalizacj\u0119 i przygotowanie do nowego etapu \u017cycia. Skontaktujemy si\u0119 z Tob\u0105 w celu um\u00f3wienia dogodnego terminu odbioru kociaka.<\/p>\n\n\n\n<p><strong>Wsparcie po rezerwacji i zakupie<\/strong><br>W naszej hodowli wierzymy, \u017ce nasza przyja\u017a\u0144 z nowymi w\u0142a\u015bcicielami dopiero si\u0119 zaczyna. Oferujemy pe\u0142ne wsparcie nie tylko przed, ale i po rezerwacji oraz zakupie kociaka. Zawsze mo\u017cesz do nas zadzwoni\u0107 z pytaniami dotycz\u0105cymi opieki, zdrowia lub jakichkolwiek innych kwestii zwi\u0105zanych z Twoim nowym pupilem. Jeste\u015bmy tutaj, aby zapewni\u0107 Ci pomoc i porady, aby\u015b m\u00f3g\u0142 cieszy\u0107 si\u0119 pe\u0142ni\u0105 szcz\u0119\u015bcia z posiadania swojego kociaka.<\/p>\n\n\n\n<p><strong>Dlaczego warto wybra\u0107 hodowl\u0119 Water Lily?<\/strong><br>Nasza hodowla k\u0142adzie du\u017cy nacisk na dobrostan i prawid\u0142owy rozw\u00f3j naszych kot\u00f3w. Ka\u017cdy kociak opuszczaj\u0105cy nasz\u0105 hodowl\u0119 jest starannie przygotowany do \u017cycia w nowym domu. Oferujemy pe\u0142ne wsparcie i porady, aby proces adaptacji by\u0142 jak naj\u0142atwiejszy.<\/p>\n\n\n\n<h5 class=\"wp-block-heading\">Opinie<\/h5>\n\n\n\n<p><strong>Dodatkowo, nasze pozytywne opinie na Google i <\/strong><a href=\"https:\/\/www.facebook.com\/HodowlaWaterLily\/reviews\"><strong>Facebooku<\/strong> <\/a>\u015bwiadcz\u0105 o wysokiej jako\u015bci naszej hodowli i zadowoleniu naszych klient\u00f3w. Z dum\u0105 prezentujemy wiele pozytywnych recenzji, kt\u00f3re potwierdzaj\u0105 nasze zaanga\u017cowanie w opiek\u0119 nad kociakami i satysfakcj\u0119 z naszych us\u0142ug.<\/p>\n\n\n\n<p> Je\u015bli masz jakiekolwiek pytania lub potrzebujesz dodatkowych informacji, prosimy o <a href=\"https:\/\/hodowlawaterlily.pl\/?page_id=34\">kontakt<\/a>.<\/p>\n\n\n\n<figure class=\"wp-block-image size-large is-resized\"><img loading=\"lazy\" decoding=\"async\" width=\"1024\" height=\"768\" src=\"https:\/\/hodowlawaterlily.pl\/wp-content\/uploads\/2023\/10\/367399936_18199926760269297_403523825179979294_n-1024x768.jpg\" alt=\"Jak zarezerwowa\u0107 kociaka w hodowli Water Lily?\" class=\"wp-image-637\" style=\"width:283px;height:auto\" srcset=\"https:\/\/hodowlawaterlily.pl\/wp-content\/uploads\/2023\/10\/367399936_18199926760269297_403523825179979294_n-1024x768.jpg 1024w, https:\/\/hodowlawaterlily.pl\/wp-content\/uploads\/2023\/10\/367399936_18199926760269297_403523825179979294_n-300x225.jpg 300w, https:\/\/hodowlawaterlily.pl\/wp-content\/uploads\/2023\/10\/367399936_18199926760269297_403523825179979294_n-768x576.jpg 768w, https:\/\/hodowlawaterlily.pl\/wp-content\/uploads\/2023\/10\/367399936_18199926760269297_403523825179979294_n-1200x900.jpg 1200w, https:\/\/hodowlawaterlily.pl\/wp-content\/uploads\/2023\/10\/367399936_18199926760269297_403523825179979294_n.jpg 1440w\" sizes=\"(max-width: 709px) 85vw, (max-width: 909px) 67vw, (max-width: 1362px) 62vw, 840px\" \/><\/figure>\n\n\n\n<p><\/p>\n\n\n\n<h3 class=\"wp-block-heading\">How to Reserve a Kitten at Water Lily Cattery<\/h3>\n\n\n\n<p>Dreaming of expanding your family with a unique Russian Blue kitten? Here\u2019s how you can reserve your new feline friend with us:<\/p>\n\n\n\n<h5 class=\"wp-block-heading\"><strong>1. Contact Us<\/strong><\/h5>\n\n\n\n<p><br>To begin the reservation process, email us at: <a>poczta@hodowlawaterlily.pl<\/a> or call us at 517 016 575. We are happy to answer any questions and provide detailed information about the available kittens.<\/p>\n\n\n\n<p><strong>2. Receive the Purchase Agreement<\/strong><br>Once you get in touch, we will send you a purchase agreement to review and sign. This document formalizes the reservation and ensures transparency for both parties.<\/p>\n\n\n\n<p><strong>3. Pay the Deposit<\/strong><br>After signing the agreement, you will need to pay a deposit. This deposit is part of the total purchase price and guarantees the reservation of your chosen kitten. If you have any questions about the payment, we are here to help.<\/p>\n\n\n\n<p><strong>4. Prepare for Your Kitten\u2019s Arrival<\/strong><br>Once we receive your deposit, we will send you an email with detailed instructions on how to prepare for your kitten\u2019s arrival. This email will include essential advice on choosing the right accessories, proper feeding, and setting up a comfortable and safe environment for your new pet. By following these guidelines, you will ensure a smooth transition and help your kitten settle into its new home with ease.<\/p>\n\n\n\n<p><strong>5. Kitten Pickup<\/strong><br>Your kitten will be ready to move to your home after reaching 12 weeks of age. In the meantime, we will ensure the kitten receives proper care, socialization, and preparation for this new phase of life. We will contact you to arrange a convenient time for picking up your kitten.<\/p>\n\n\n\n<h5 class=\"wp-block-heading\"><strong>Post-Reservation and Purchase Support<\/strong><\/h5>\n\n\n\n<p><br>At our cattery, we believe that our relationship with new owners is just beginning. We offer full support not only before but also after the reservation and purchase of your kitten. Feel free to reach out with any questions about care, health, or any other matters concerning your new pet. We are here to provide assistance and advice, ensuring you enjoy every moment with your new kitten.<\/p>\n\n\n\n<p><strong>Why Choose Water Lily Cattery?<\/strong><br>We place a strong emphasis on the health, well-being, and proper development of our cats. Each kitten leaving our cattery is carefully prepared for its new home. We offer comprehensive support and advice to make the transition as smooth as possible.<\/p>\n\n\n\n<h5 class=\"wp-block-heading\"><strong>Reviews<\/strong><\/h5>\n\n\n\n<p><br>Additionally, our positive reviews on Google and Facebook reflect the high quality of our cattery and the satisfaction of our clients. We proudly showcase numerous positive testimonials that confirm our dedication to kitten care and the satisfaction of our services.<\/p>\n\n\n\n<p>If you have any questions or need further information, please contact us.<\/p>\n\n\n\n<p><\/p>\n","protected":false},"excerpt":{"rendered":"<p>Jak Zarezerwowa\u0107 Kociaka w Hodowli Water Lily? Marzysz o powi\u0119kszeniu swojej rodziny o wyj\u0105tkowego kociaka rasy rosyjskiej niebieskiej? Oto jak mo\u017cesz zarezerwowa\u0107 kociaka w naszej hodowli. Skontaktuj si\u0119 z nami Aby rozpocz\u0105\u0107 proces rezerwacji, napisz do nas na adres e-mail: poczta@hodowlawaterlily.pl lub zadzwo\u0144 pod numery: 501 107 624 lub 517 016 575. Ch\u0119tnie odpowiemy na &hellip; <a href=\"https:\/\/hodowlawaterlily.pl\/?page_id=547\" class=\"more-link\">Czytaj dalej<span class=\"screen-reader-text\"> \u201eREZERWACJA\u201d<\/span><\/a><\/p>\n","protected":false},"author":1,"featured_media":0,"parent":0,"menu_order":0,"comment_status":"closed","ping_status":"closed","template":"","meta":{"footnotes":""},"class_list":["post-547","page","type-page","status-publish","hentry"],"yoast_head":"<!-- This site is optimized with the Yoast SEO Premium plugin v21.3 (Yoast SEO v24.5) - https:\/\/yoast.com\/wordpress\/plugins\/seo\/ -->\n<title>REZERWACJA | Hodowla Water Lily<\/title>\n<meta name=\"description\" content=\"Jak zarezerwowa\u0107 kociaka w hodowli? Napisz do nas na adres mailowy: poczta@hodowlawaterlily.pl lub zadzwo\u0144 tel. 501 107 624 , 517 016 575\" \/>\n<meta name=\"robots\" content=\"index, follow, max-snippet:-1, max-image-preview:large, max-video-preview:-1\" \/>\n<link rel=\"canonical\" href=\"https:\/\/hodowlawaterlily.pl\/?page_id=547\" \/>\n<meta property=\"og:locale\" content=\"pl_PL\" \/>\n<meta property=\"og:type\" content=\"article\" \/>\n<meta property=\"og:title\" content=\"REZERWACJA\" \/>\n<meta property=\"og:description\" content=\"Jak zarezerwowa\u0107 kociaka w hodowli? Napisz do nas na adres mailowy: poczta@hodowlawaterlily.pl lub zadzwo\u0144 tel. 501 107 624 , 517 016 575\" \/>\n<meta property=\"og:url\" content=\"https:\/\/hodowlawaterlily.pl\/?page_id=547\" \/>\n<meta property=\"og:site_name\" content=\"Hodowla Water Lily\" \/>\n<meta property=\"article:publisher\" content=\"https:\/\/www.facebook.com\/HodowlaWaterLily\" \/>\n<meta property=\"article:modified_time\" content=\"2024-09-18T10:29:34+00:00\" \/>\n<meta property=\"og:image\" content=\"https:\/\/hodowlawaterlily.pl\/wp-content\/uploads\/2023\/10\/367399936_18199926760269297_403523825179979294_n-1024x768.jpg\" \/>\n<meta name=\"twitter:card\" content=\"summary_large_image\" \/>\n<meta name=\"twitter:label1\" content=\"Szacowany czas czytania\" \/>\n\t<meta name=\"twitter:data1\" content=\"5 minut\" \/>\n<script type=\"application\/ld+json\" class=\"yoast-schema-graph\">{\"@context\":\"https:\/\/schema.org\",\"@graph\":[{\"@type\":\"WebPage\",\"@id\":\"https:\/\/hodowlawaterlily.pl\/?page_id=547\",\"url\":\"https:\/\/hodowlawaterlily.pl\/?page_id=547\",\"name\":\"REZERWACJA | Hodowla Water Lily\",\"isPartOf\":{\"@id\":\"https:\/\/hodowlawaterlily.pl\/#website\"},\"primaryImageOfPage\":{\"@id\":\"https:\/\/hodowlawaterlily.pl\/?page_id=547#primaryimage\"},\"image\":{\"@id\":\"https:\/\/hodowlawaterlily.pl\/?page_id=547#primaryimage\"},\"thumbnailUrl\":\"https:\/\/hodowlawaterlily.pl\/wp-content\/uploads\/2023\/10\/367399936_18199926760269297_403523825179979294_n-1024x768.jpg\",\"datePublished\":\"2022-08-11T13:22:41+00:00\",\"dateModified\":\"2024-09-18T10:29:34+00:00\",\"description\":\"Jak zarezerwowa\u0107 kociaka w hodowli? Napisz do nas na adres mailowy: poczta@hodowlawaterlily.pl lub zadzwo\u0144 tel. 501 107 624 , 517 016 575\",\"breadcrumb\":{\"@id\":\"https:\/\/hodowlawaterlily.pl\/?page_id=547#breadcrumb\"},\"inLanguage\":\"pl-PL\",\"potentialAction\":[{\"@type\":\"ReadAction\",\"target\":[\"https:\/\/hodowlawaterlily.pl\/?page_id=547\"]}]},{\"@type\":\"ImageObject\",\"inLanguage\":\"pl-PL\",\"@id\":\"https:\/\/hodowlawaterlily.pl\/?page_id=547#primaryimage\",\"url\":\"https:\/\/hodowlawaterlily.pl\/wp-content\/uploads\/2023\/10\/367399936_18199926760269297_403523825179979294_n.jpg\",\"contentUrl\":\"https:\/\/hodowlawaterlily.pl\/wp-content\/uploads\/2023\/10\/367399936_18199926760269297_403523825179979294_n.jpg\",\"width\":1440,\"height\":1080},{\"@type\":\"BreadcrumbList\",\"@id\":\"https:\/\/hodowlawaterlily.pl\/?page_id=547#breadcrumb\",\"itemListElement\":[{\"@type\":\"ListItem\",\"position\":1,\"name\":\"Strona g\u0142\u00f3wna\",\"item\":\"https:\/\/hodowlawaterlily.pl\/\"},{\"@type\":\"ListItem\",\"position\":2,\"name\":\"REZERWACJA\"}]},{\"@type\":\"WebSite\",\"@id\":\"https:\/\/hodowlawaterlily.pl\/#website\",\"url\":\"https:\/\/hodowlawaterlily.pl\/\",\"name\":\"Hodowla Water Lily\",\"description\":\"Russian Blue\",\"potentialAction\":[{\"@type\":\"SearchAction\",\"target\":{\"@type\":\"EntryPoint\",\"urlTemplate\":\"https:\/\/hodowlawaterlily.pl\/?s={search_term_string}\"},\"query-input\":{\"@type\":\"PropertyValueSpecification\",\"valueRequired\":true,\"valueName\":\"search_term_string\"}}],\"inLanguage\":\"pl-PL\"},{\"@type\":\"ImageObject\",\"inLanguage\":\"pl-PL\",\"@id\":\"https:\/\/hodowlawaterlily.pl\/?page_id=547#local-main-organization-logo\",\"url\":\"\",\"contentUrl\":\"\",\"caption\":\"Hodowla Water Lily\"}]}<\/script>\n<!-- \/ Yoast SEO Premium plugin. -->","yoast_head_json":{"title":"REZERWACJA | Hodowla Water Lily","description":"Jak zarezerwowa\u0107 kociaka w hodowli? Napisz do nas na adres mailowy: poczta@hodowlawaterlily.pl lub zadzwo\u0144 tel. 501 107 624 , 517 016 575","robots":{"index":"index","follow":"follow","max-snippet":"max-snippet:-1","max-image-preview":"max-image-preview:large","max-video-preview":"max-video-preview:-1"},"canonical":"https:\/\/hodowlawaterlily.pl\/?page_id=547","og_locale":"pl_PL","og_type":"article","og_title":"REZERWACJA","og_description":"Jak zarezerwowa\u0107 kociaka w hodowli? Napisz do nas na adres mailowy: poczta@hodowlawaterlily.pl lub zadzwo\u0144 tel. 501 107 624 , 517 016 575","og_url":"https:\/\/hodowlawaterlily.pl\/?page_id=547","og_site_name":"Hodowla Water Lily","article_publisher":"https:\/\/www.facebook.com\/HodowlaWaterLily","article_modified_time":"2024-09-18T10:29:34+00:00","og_image":[{"url":"https:\/\/hodowlawaterlily.pl\/wp-content\/uploads\/2023\/10\/367399936_18199926760269297_403523825179979294_n-1024x768.jpg","type":"","width":"","height":""}],"twitter_card":"summary_large_image","twitter_misc":{"Szacowany czas czytania":"5 minut"},"schema":{"@context":"https:\/\/schema.org","@graph":[{"@type":"WebPage","@id":"https:\/\/hodowlawaterlily.pl\/?page_id=547","url":"https:\/\/hodowlawaterlily.pl\/?page_id=547","name":"REZERWACJA | Hodowla Water Lily","isPartOf":{"@id":"https:\/\/hodowlawaterlily.pl\/#website"},"primaryImageOfPage":{"@id":"https:\/\/hodowlawaterlily.pl\/?page_id=547#primaryimage"},"image":{"@id":"https:\/\/hodowlawaterlily.pl\/?page_id=547#primaryimage"},"thumbnailUrl":"https:\/\/hodowlawaterlily.pl\/wp-content\/uploads\/2023\/10\/367399936_18199926760269297_403523825179979294_n-1024x768.jpg","datePublished":"2022-08-11T13:22:41+00:00","dateModified":"2024-09-18T10:29:34+00:00","description":"Jak zarezerwowa\u0107 kociaka w hodowli? Napisz do nas na adres mailowy: poczta@hodowlawaterlily.pl lub zadzwo\u0144 tel. 501 107 624 , 517 016 575","breadcrumb":{"@id":"https:\/\/hodowlawaterlily.pl\/?page_id=547#breadcrumb"},"inLanguage":"pl-PL","potentialAction":[{"@type":"ReadAction","target":["https:\/\/hodowlawaterlily.pl\/?page_id=547"]}]},{"@type":"ImageObject","inLanguage":"pl-PL","@id":"https:\/\/hodowlawaterlily.pl\/?page_id=547#primaryimage","url":"https:\/\/hodowlawaterlily.pl\/wp-content\/uploads\/2023\/10\/367399936_18199926760269297_403523825179979294_n.jpg","contentUrl":"https:\/\/hodowlawaterlily.pl\/wp-content\/uploads\/2023\/10\/367399936_18199926760269297_403523825179979294_n.jpg","width":1440,"height":1080},{"@type":"BreadcrumbList","@id":"https:\/\/hodowlawaterlily.pl\/?page_id=547#breadcrumb","itemListElement":[{"@type":"ListItem","position":1,"name":"Strona g\u0142\u00f3wna","item":"https:\/\/hodowlawaterlily.pl\/"},{"@type":"ListItem","position":2,"name":"REZERWACJA"}]},{"@type":"WebSite","@id":"https:\/\/hodowlawaterlily.pl\/#website","url":"https:\/\/hodowlawaterlily.pl\/","name":"Hodowla Water Lily","description":"Russian Blue","potentialAction":[{"@type":"SearchAction","target":{"@type":"EntryPoint","urlTemplate":"https:\/\/hodowlawaterlily.pl\/?s={search_term_string}"},"query-input":{"@type":"PropertyValueSpecification","valueRequired":true,"valueName":"search_term_string"}}],"inLanguage":"pl-PL"},{"@type":"ImageObject","inLanguage":"pl-PL","@id":"https:\/\/hodowlawaterlily.pl\/?page_id=547#local-main-organization-logo","url":"","contentUrl":"","caption":"Hodowla Water Lily"}]}},"_links":{"self":[{"href":"https:\/\/hodowlawaterlily.pl\/index.php?rest_route=\/wp\/v2\/pages\/547"}],"collection":[{"href":"https:\/\/hodowlawaterlily.pl\/index.php?rest_route=\/wp\/v2\/pages"}],"about":[{"href":"https:\/\/hodowlawaterlily.pl\/index.php?rest_route=\/wp\/v2\/types\/page"}],"author":[{"embeddable":true,"href":"https:\/\/hodowlawaterlily.pl\/index.php?rest_route=\/wp\/v2\/users\/1"}],"replies":[{"embeddable":true,"href":"https:\/\/hodowlawaterlily.pl\/index.php?rest_route=%2Fwp%2Fv2%2Fcomments&post=547"}],"version-history":[{"count":17,"href":"https:\/\/hodowlawaterlily.pl\/index.php?rest_route=\/wp\/v2\/pages\/547\/revisions"}],"predecessor-version":[{"id":856,"href":"https:\/\/hodowlawaterlily.pl\/index.php?rest_route=\/wp\/v2\/pages\/547\/revisions\/856"}],"wp:attachment":[{"href":"https:\/\/hodowlawaterlily.pl\/index.php?rest_route=%2Fwp%2Fv2%2Fmedia&parent=547"}],"curies":[{"name":"wp","href":"https:\/\/api.w.org\/{rel}","templated":true}]}}