{"id":34,"date":"2017-02-22T22:13:15","date_gmt":"2017-02-22T22:13:15","guid":{"rendered":"http:\/\/hodowlawaterlily.pl\/?page_id=34"},"modified":"2025-02-25T15:29:58","modified_gmt":"2025-02-25T15:29:58","slug":"hodowla-kotow-rosyjskich-niebieskich-bydgoszcz","status":"publish","type":"page","link":"https:\/\/hodowlawaterlily.pl\/?page_id=34","title":{"rendered":"KONTAKT"},"content":{"rendered":"\n<p class=\"has-text-align-center\">Hodowla Kot\u00f3w Rosyjskich Niebieskich Water Lily Bydgoszcz<\/p>\n\n\n\n<p class=\"has-text-align-center\"><strong>&#8222;Koty wiedz\u0105, jak zyska\u0107 nasz\u0105 mi\u0142o\u015b\u0107, nie robi\u0105c nic, by na ni\u0105 zas\u0142u\u017cy\u0107.&#8221;<\/strong> \u2013 <strong>Paul Gray<\/strong><\/p>\n\n\n\n<p class=\"has-text-align-center\"><strong>Adres:<\/strong><br>Bydgoszcz, Drzewce<\/p>\n\n\n\n<p class=\"has-text-align-center\"><strong>E-mail:<\/strong><br><a>poczta@hodowlawaterlily.pl<\/a><\/p>\n\n\n\n<p class=\"has-text-align-center\"><strong>Telefon:<\/strong><br>501-107-624<br>517-016-575<\/p>\n\n\n\n<p class=\"has-text-align-center\"><strong>Odwied\u017a nasze Fanpage:<\/strong><\/p>\n\n\n\n<p class=\"has-text-align-center\">Poznaj nas lepiej i \u015bled\u017a aktualne informacje dotycz\u0105ce naszej hodowli oraz dost\u0119pnych kociak\u00f3w. Na naszych profilach spo\u0142eczno\u015bciowych znajdziesz zdj\u0119cia a tak\u017ce opinie naszych  klient\u00f3w.<\/p>\n\n\n\n<ul class=\"wp-block-list\">\n<li><strong>Facebook:<\/strong> <a href=\"https:\/\/www.facebook.com\/WaterLilyCattery\">FACEBOOK<\/a><\/li>\n\n\n\n<li><strong>Instagram:<\/strong> <a href=\"https:\/\/www.instagram.com\/WaterLilyCattery\">INSTAGRAM<\/a><\/li>\n<\/ul>\n\n\n\n<p class=\"has-text-align-center\"><strong>Zapraszamy do kontaktu<\/strong><\/p>\n\n\n\n<p>Jeste\u015bmy tutaj, aby odpowiedzie\u0107 na wszelkie pytania dotycz\u0105ce naszych kociak\u00f3w, procesu rezerwacji oraz opieki nad kotami. Niezale\u017cnie od tego, czy szukasz informacji o dost\u0119pnych koci\u0119tach, chcesz uzyska\u0107 porad\u0119 dotycz\u0105c\u0105 przygotowa\u0144 do przyj\u0119cia kota, czy po prostu masz pytania \u2013 s\u0142u\u017cymy pomoc\u0105.<\/p>\n\n\n\n<p class=\"has-text-align-center\">Oferujemy pe\u0142ne wsparcie na ka\u017cdym etapie: od wyboru odpowiedniego kociaka, przez przygotowanie do nowego domu, po pomoc w pierwszych dniach adaptacji. <\/p>\n\n\n\n<p class=\"has-text-align-center\">Czekamy na Twoj\u0105 wiadomo\u015b\u0107 lub telefon<\/p>\n\n\n\n<p class=\"has-text-align-center\"><\/p>\n\n\n\n<p class=\"has-text-align-center\"><strong>&#8222;Koty s\u0105 ciep\u0142em domowego ogniska.&#8221;<\/strong> \u2013 <strong>Jean Cocteau<\/strong><\/p>\n\n\n\n<h5 class=\"wp-block-heading has-text-align-center\">Hodowla kot\u00f3w rosyjskich niebieskich Bydgoszcz<\/h5>\n\n\n\n<p class=\"has-text-align-center\">&#8222;Ka\u017cdy kot to ma\u0142y kawa\u0142ek nieba na ziemi.&#8221;<\/p>\n\n\n\n<p class=\"has-text-align-center\"><strong>&#8222;Mi\u0142o\u015b\u0107 kota to delikatne przypomnienie, \u017ce nigdy nie jeste\u015bmy naprawd\u0119 sami.&#8221;<\/strong><\/p>\n\n\n\n<p>&nbsp;<\/p>\n\n\n\n<p>&nbsp;<\/p>\n\n\n<div class=\"wp-block-image\">\n<figure class=\"aligncenter\"><a href=\"https:\/\/hodowlawaterlily.pl\/?page_id=423\"><img loading=\"lazy\" decoding=\"async\" width=\"225\" height=\"300\" src=\"https:\/\/hodowlawaterlily.pl\/wp-content\/uploads\/2022\/12\/KOCIAK-225x300.jpg\" alt=\"Hodowla kot\u00f3w rosyjskich niebieskich Bydgoszcz\" class=\"wp-image-576\" srcset=\"https:\/\/hodowlawaterlily.pl\/wp-content\/uploads\/2022\/12\/KOCIAK-225x300.jpg 225w, https:\/\/hodowlawaterlily.pl\/wp-content\/uploads\/2022\/12\/KOCIAK.jpg 720w\" sizes=\"(max-width: 225px) 85vw, 225px\" \/><\/a><\/figure><\/div>\n\n\n<p class=\"has-text-align-center\"><strong>Water Lily Russian Blue Cats Cattery<\/strong><\/p>\n\n\n\n<p class=\"has-text-align-center\"><strong>&#8222;A cat has absolute emotional honesty: human beings, for one reason or another, may hide their feelings, but a cat does not.&#8221;<\/strong> \u2013 <strong>Ernest Hemingway<\/strong><\/p>\n\n\n\n<p class=\"has-text-align-center\"><strong>Address:<\/strong> Bydgoszcz, Drzewce<\/p>\n\n\n\n<p class=\"has-text-align-center\"><strong>E-mail:<\/strong> <a>poczta@hodowlawaterlily.pl<\/a><\/p>\n\n\n\n<p class=\"has-text-align-center\"><strong>Phone:<\/strong> 517-016-575<\/p>\n\n\n\n<p class=\"has-text-align-center\"><strong>Visit Our Social Media Pages:<\/strong><\/p>\n\n\n\n<p class=\"has-text-align-center\">Get to know us better and stay updated with the latest news about our cattery and available kittens. Follow us on our social media profiles for photos, updates, and reviews from happy families who have adopted our kittens.<\/p>\n\n\n\n<p class=\"has-text-align-center\"><strong>Facebook:<\/strong> <a href=\"https:\/\/www.facebook.com\/WaterLilyCattery\">FACEBOOK<\/a><br><strong>Instagram:<\/strong> <a href=\"https:\/\/www.instagram.com\/russianblue.waterlily\/\">INSTAGRAM<\/a><\/p>\n\n\n\n<p class=\"has-text-align-center\"><strong>We Invite You to Contact Us<\/strong><\/p>\n\n\n\n<p class=\"has-text-align-center\"><strong>&#8222;The smallest feline is a masterpiece.&#8221;<\/strong> \u2013 <strong>Leonardo da Vinci<\/strong><\/p>\n\n\n\n<p class=\"has-text-align-center\">We\u2019re here to answer any questions, provide information on available kittens, and assist with anything related to our cattery.<\/p>\n\n\n\n<p class=\"has-text-align-center\">We look forward to your message or call!<\/p>\n\n\n\n<p class=\"has-text-align-center\"><strong>&#8222;Time spent with cats is never wasted.&#8221;<\/strong> \u2013 <strong>Sigmund Freud<\/strong><\/p>\n\n\n\n<p class=\"has-text-align-center\"><strong>&#8222;A meow massages the heart.&#8221;<\/strong> \u2013 <strong>Stuart McMillan<\/strong><\/p>\n","protected":false},"excerpt":{"rendered":"<p>Hodowla Kot\u00f3w Rosyjskich Niebieskich Water Lily Bydgoszcz &#8222;Koty wiedz\u0105, jak zyska\u0107 nasz\u0105 mi\u0142o\u015b\u0107, nie robi\u0105c nic, by na ni\u0105 zas\u0142u\u017cy\u0107.&#8221; \u2013 Paul Gray Adres:Bydgoszcz, Drzewce E-mail:poczta@hodowlawaterlily.pl Telefon:501-107-624517-016-575 Odwied\u017a nasze Fanpage: Poznaj nas lepiej i \u015bled\u017a aktualne informacje dotycz\u0105ce naszej hodowli oraz dost\u0119pnych kociak\u00f3w. Na naszych profilach spo\u0142eczno\u015bciowych znajdziesz zdj\u0119cia a tak\u017ce opinie naszych klient\u00f3w. Zapraszamy &hellip; <a href=\"https:\/\/hodowlawaterlily.pl\/?page_id=34\" class=\"more-link\">Czytaj dalej<span class=\"screen-reader-text\"> \u201eKONTAKT\u201d<\/span><\/a><\/p>\n","protected":false},"author":1,"featured_media":0,"parent":0,"menu_order":0,"comment_status":"closed","ping_status":"closed","template":"","meta":{"footnotes":""},"class_list":["post-34","page","type-page","status-publish","hentry"],"yoast_head":"<!-- This site is optimized with the Yoast SEO Premium plugin v21.3 (Yoast SEO v24.5) - https:\/\/yoast.com\/wordpress\/plugins\/seo\/ -->\n<title>Hodowla rosyjskich niebieskich Bydgoszcz<\/title>\n<meta name=\"description\" content=\"Hodowla kot\u00f3w rosyjskich niebieskich Bydgoszcz, Drzewce, kujawsko - pomorskie Polska 501 107 624, 517 016 575\" \/>\n<meta name=\"robots\" content=\"index, follow, max-snippet:-1, max-image-preview:large, max-video-preview:-1\" \/>\n<link rel=\"canonical\" href=\"https:\/\/hodowlawaterlily.pl\/?page_id=34\" \/>\n<meta property=\"og:locale\" content=\"pl_PL\" \/>\n<meta property=\"og:type\" content=\"article\" \/>\n<meta property=\"og:title\" content=\"KONTAKT\" \/>\n<meta property=\"og:description\" content=\"Hodowla kot\u00f3w rosyjskich niebieskich Bydgoszcz, Drzewce, kujawsko - pomorskie Polska 501 107 624, 517 016 575\" \/>\n<meta property=\"og:url\" content=\"https:\/\/hodowlawaterlily.pl\/?page_id=34\" \/>\n<meta property=\"og:site_name\" content=\"Hodowla Water Lily\" \/>\n<meta property=\"article:publisher\" content=\"https:\/\/www.facebook.com\/HodowlaWaterLily\" \/>\n<meta property=\"article:modified_time\" content=\"2025-02-25T15:29:58+00:00\" \/>\n<meta property=\"og:image\" content=\"http:\/\/hodowlawaterlily.pl\/wp-content\/uploads\/2022\/12\/KOCIAK-225x300.jpg\" \/>\n<meta name=\"twitter:card\" content=\"summary_large_image\" \/>\n<meta name=\"twitter:label1\" content=\"Szacowany czas czytania\" \/>\n\t<meta name=\"twitter:data1\" content=\"3 minuty\" \/>\n<script type=\"application\/ld+json\" class=\"yoast-schema-graph\">{\"@context\":\"https:\/\/schema.org\",\"@graph\":[{\"@type\":[\"WebPage\",\"ContactPage\"],\"@id\":\"https:\/\/hodowlawaterlily.pl\/?page_id=34\",\"url\":\"https:\/\/hodowlawaterlily.pl\/?page_id=34\",\"name\":\"Hodowla rosyjskich niebieskich Bydgoszcz\",\"isPartOf\":{\"@id\":\"https:\/\/hodowlawaterlily.pl\/#website\"},\"primaryImageOfPage\":{\"@id\":\"https:\/\/hodowlawaterlily.pl\/?page_id=34#primaryimage\"},\"image\":{\"@id\":\"https:\/\/hodowlawaterlily.pl\/?page_id=34#primaryimage\"},\"thumbnailUrl\":\"http:\/\/hodowlawaterlily.pl\/wp-content\/uploads\/2022\/12\/KOCIAK-225x300.jpg\",\"datePublished\":\"2017-02-22T22:13:15+00:00\",\"dateModified\":\"2025-02-25T15:29:58+00:00\",\"description\":\"Hodowla kot\u00f3w rosyjskich niebieskich Bydgoszcz, Drzewce, kujawsko - pomorskie Polska 501 107 624, 517 016 575\",\"breadcrumb\":{\"@id\":\"https:\/\/hodowlawaterlily.pl\/?page_id=34#breadcrumb\"},\"inLanguage\":\"pl-PL\",\"potentialAction\":[{\"@type\":\"ReadAction\",\"target\":[\"https:\/\/hodowlawaterlily.pl\/?page_id=34\"]}]},{\"@type\":\"ImageObject\",\"inLanguage\":\"pl-PL\",\"@id\":\"https:\/\/hodowlawaterlily.pl\/?page_id=34#primaryimage\",\"url\":\"http:\/\/hodowlawaterlily.pl\/wp-content\/uploads\/2022\/12\/KOCIAK-225x300.jpg\",\"contentUrl\":\"http:\/\/hodowlawaterlily.pl\/wp-content\/uploads\/2022\/12\/KOCIAK-225x300.jpg\"},{\"@type\":\"BreadcrumbList\",\"@id\":\"https:\/\/hodowlawaterlily.pl\/?page_id=34#breadcrumb\",\"itemListElement\":[{\"@type\":\"ListItem\",\"position\":1,\"name\":\"Strona g\u0142\u00f3wna\",\"item\":\"https:\/\/hodowlawaterlily.pl\/\"},{\"@type\":\"ListItem\",\"position\":2,\"name\":\"KONTAKT\"}]},{\"@type\":\"WebSite\",\"@id\":\"https:\/\/hodowlawaterlily.pl\/#website\",\"url\":\"https:\/\/hodowlawaterlily.pl\/\",\"name\":\"Hodowla Water Lily\",\"description\":\"Russian Blue\",\"potentialAction\":[{\"@type\":\"SearchAction\",\"target\":{\"@type\":\"EntryPoint\",\"urlTemplate\":\"https:\/\/hodowlawaterlily.pl\/?s={search_term_string}\"},\"query-input\":{\"@type\":\"PropertyValueSpecification\",\"valueRequired\":true,\"valueName\":\"search_term_string\"}}],\"inLanguage\":\"pl-PL\"},{\"@type\":\"ImageObject\",\"inLanguage\":\"pl-PL\",\"@id\":\"https:\/\/hodowlawaterlily.pl\/?page_id=34#local-main-organization-logo\",\"url\":\"\",\"contentUrl\":\"\",\"caption\":\"Hodowla Water Lily\"}]}<\/script>\n<!-- \/ Yoast SEO Premium plugin. -->","yoast_head_json":{"title":"Hodowla rosyjskich niebieskich Bydgoszcz","description":"Hodowla kot\u00f3w rosyjskich niebieskich Bydgoszcz, Drzewce, kujawsko - pomorskie Polska 501 107 624, 517 016 575","robots":{"index":"index","follow":"follow","max-snippet":"max-snippet:-1","max-image-preview":"max-image-preview:large","max-video-preview":"max-video-preview:-1"},"canonical":"https:\/\/hodowlawaterlily.pl\/?page_id=34","og_locale":"pl_PL","og_type":"article","og_title":"KONTAKT","og_description":"Hodowla kot\u00f3w rosyjskich niebieskich Bydgoszcz, Drzewce, kujawsko - pomorskie Polska 501 107 624, 517 016 575","og_url":"https:\/\/hodowlawaterlily.pl\/?page_id=34","og_site_name":"Hodowla Water Lily","article_publisher":"https:\/\/www.facebook.com\/HodowlaWaterLily","article_modified_time":"2025-02-25T15:29:58+00:00","og_image":[{"url":"http:\/\/hodowlawaterlily.pl\/wp-content\/uploads\/2022\/12\/KOCIAK-225x300.jpg","type":"","width":"","height":""}],"twitter_card":"summary_large_image","twitter_misc":{"Szacowany czas czytania":"3 minuty"},"schema":{"@context":"https:\/\/schema.org","@graph":[{"@type":["WebPage","ContactPage"],"@id":"https:\/\/hodowlawaterlily.pl\/?page_id=34","url":"https:\/\/hodowlawaterlily.pl\/?page_id=34","name":"Hodowla rosyjskich niebieskich Bydgoszcz","isPartOf":{"@id":"https:\/\/hodowlawaterlily.pl\/#website"},"primaryImageOfPage":{"@id":"https:\/\/hodowlawaterlily.pl\/?page_id=34#primaryimage"},"image":{"@id":"https:\/\/hodowlawaterlily.pl\/?page_id=34#primaryimage"},"thumbnailUrl":"http:\/\/hodowlawaterlily.pl\/wp-content\/uploads\/2022\/12\/KOCIAK-225x300.jpg","datePublished":"2017-02-22T22:13:15+00:00","dateModified":"2025-02-25T15:29:58+00:00","description":"Hodowla kot\u00f3w rosyjskich niebieskich Bydgoszcz, Drzewce, kujawsko - pomorskie Polska 501 107 624, 517 016 575","breadcrumb":{"@id":"https:\/\/hodowlawaterlily.pl\/?page_id=34#breadcrumb"},"inLanguage":"pl-PL","potentialAction":[{"@type":"ReadAction","target":["https:\/\/hodowlawaterlily.pl\/?page_id=34"]}]},{"@type":"ImageObject","inLanguage":"pl-PL","@id":"https:\/\/hodowlawaterlily.pl\/?page_id=34#primaryimage","url":"http:\/\/hodowlawaterlily.pl\/wp-content\/uploads\/2022\/12\/KOCIAK-225x300.jpg","contentUrl":"http:\/\/hodowlawaterlily.pl\/wp-content\/uploads\/2022\/12\/KOCIAK-225x300.jpg"},{"@type":"BreadcrumbList","@id":"https:\/\/hodowlawaterlily.pl\/?page_id=34#breadcrumb","itemListElement":[{"@type":"ListItem","position":1,"name":"Strona g\u0142\u00f3wna","item":"https:\/\/hodowlawaterlily.pl\/"},{"@type":"ListItem","position":2,"name":"KONTAKT"}]},{"@type":"WebSite","@id":"https:\/\/hodowlawaterlily.pl\/#website","url":"https:\/\/hodowlawaterlily.pl\/","name":"Hodowla Water Lily","description":"Russian Blue","potentialAction":[{"@type":"SearchAction","target":{"@type":"EntryPoint","urlTemplate":"https:\/\/hodowlawaterlily.pl\/?s={search_term_string}"},"query-input":{"@type":"PropertyValueSpecification","valueRequired":true,"valueName":"search_term_string"}}],"inLanguage":"pl-PL"},{"@type":"ImageObject","inLanguage":"pl-PL","@id":"https:\/\/hodowlawaterlily.pl\/?page_id=34#local-main-organization-logo","url":"","contentUrl":"","caption":"Hodowla Water Lily"}]}},"_links":{"self":[{"href":"https:\/\/hodowlawaterlily.pl\/index.php?rest_route=\/wp\/v2\/pages\/34"}],"collection":[{"href":"https:\/\/hodowlawaterlily.pl\/index.php?rest_route=\/wp\/v2\/pages"}],"about":[{"href":"https:\/\/hodowlawaterlily.pl\/index.php?rest_route=\/wp\/v2\/types\/page"}],"author":[{"embeddable":true,"href":"https:\/\/hodowlawaterlily.pl\/index.php?rest_route=\/wp\/v2\/users\/1"}],"replies":[{"embeddable":true,"href":"https:\/\/hodowlawaterlily.pl\/index.php?rest_route=%2Fwp%2Fv2%2Fcomments&post=34"}],"version-history":[{"count":32,"href":"https:\/\/hodowlawaterlily.pl\/index.php?rest_route=\/wp\/v2\/pages\/34\/revisions"}],"predecessor-version":[{"id":937,"href":"https:\/\/hodowlawaterlily.pl\/index.php?rest_route=\/wp\/v2\/pages\/34\/revisions\/937"}],"wp:attachment":[{"href":"https:\/\/hodowlawaterlily.pl\/index.php?rest_route=%2Fwp%2Fv2%2Fmedia&parent=34"}],"curies":[{"name":"wp","href":"https:\/\/api.w.org\/{rel}","templated":true}]}}