{"id":173,"date":"2017-10-11T14:06:36","date_gmt":"2017-10-11T14:06:36","guid":{"rendered":"http:\/\/hodowlawaterlily.pl\/?page_id=173"},"modified":"2024-09-30T12:00:16","modified_gmt":"2024-09-30T12:00:16","slug":"kot-rosyjski-niebieski","status":"publish","type":"page","link":"https:\/\/hodowlawaterlily.pl\/?page_id=173","title":{"rendered":"ZANIM KUPISZ KOTA"},"content":{"rendered":"\n<p>Kot Rosyjski Niebieski &#8211; mi\u0142o\u015b\u0107 w kolorze nieba. <\/p>\n\n\n\n<p>Je\u015bli marzysz o kocie rasowym, przeczytaj jak bezpiecznie dokona\u0107 tego zakupu.<\/p>\n\n\n\n<p>Zanim zdecydujesz si\u0119 na zakup kota, warto dowiedzie\u0107 si\u0119, z jakiego stowarzyszenia pochodzi hodowla. Koty rasowe, w tym rosyjskie niebieskie, powinny by\u0107 hodowane przez uznane i odpowiedzialne hodowle, kt\u00f3re s\u0105 cz\u0142onkami profesjonalnych stowarzysze\u0144. <\/p>\n\n\n\n<p>Pod egid\u0105 <strong>World Cat Congress (WCC)<\/strong> dzia\u0142a kilka uznawanych stowarzysze\u0144 felinologicznych, kt\u00f3re promuj\u0105 zdrowie i dobrostan kot\u00f3w rasowych. Oto one:<\/p>\n\n\n\n<ol class=\"wp-block-list\">\n<li><strong>World Cat Federation (WCF)<\/strong> <\/li>\n\n\n\n<li><strong>F\u00e9d\u00e9ration Internationale F\u00e9line (FIFe)<\/strong> <\/li>\n\n\n\n<li><strong>The International Cat Association (TICA)<\/strong> <\/li>\n\n\n\n<li><strong>Cat Fanciers&#8217; Association (CFA)<\/strong><\/li>\n<\/ol>\n\n\n\n<p>Wszystkie te organizacje wsp\u00f3\u0142pracuj\u0105 w ramach WCC, co zapewnia sp\u00f3jne podej\u015bcie do hodowli kot\u00f3w i ich dobrostanu. Dzi\u0119ki temu, przed zakupem kota, warto upewni\u0107 si\u0119, \u017ce hodowla, z kt\u00f3rej planujesz kupi\u0107 zwierz\u0119, jest cz\u0142onkiem jednego z tych stowarzysze\u0144, co daje wi\u0119ksz\u0105 pewno\u015b\u0107 co do jako\u015bci hodowli.<\/p>\n\n\n<p><img loading=\"lazy\" decoding=\"async\" class=\"alignleft wp-image-174 size-full\" src=\"http:\/\/wordpress1735196.home.pl\/autoinstalator\/wordpressplus\/wp-content\/uploads\/2017\/10\/Ulotka-strona-1.jpg\" alt=\"\" width=\"3511\" height=\"2480\" srcset=\"https:\/\/hodowlawaterlily.pl\/wp-content\/uploads\/2017\/10\/Ulotka-strona-1.jpg 3511w, https:\/\/hodowlawaterlily.pl\/wp-content\/uploads\/2017\/10\/Ulotka-strona-1-300x212.jpg 300w, https:\/\/hodowlawaterlily.pl\/wp-content\/uploads\/2017\/10\/Ulotka-strona-1-768x542.jpg 768w, https:\/\/hodowlawaterlily.pl\/wp-content\/uploads\/2017\/10\/Ulotka-strona-1-1024x723.jpg 1024w, https:\/\/hodowlawaterlily.pl\/wp-content\/uploads\/2017\/10\/Ulotka-strona-1-1200x848.jpg 1200w\" sizes=\"(max-width: 709px) 85vw, (max-width: 909px) 67vw, (max-width: 1362px) 62vw, 840px\" \/><\/p>\n<p style=\"text-align: center;\"><img loading=\"lazy\" decoding=\"async\" class=\"alignnone wp-image-175 size-full\" src=\"http:\/\/wordpress1735196.home.pl\/autoinstalator\/wordpressplus\/wp-content\/uploads\/2017\/10\/2u.jpg\" alt=\"\" width=\"1000\" height=\"704\" srcset=\"https:\/\/hodowlawaterlily.pl\/wp-content\/uploads\/2017\/10\/2u.jpg 1000w, https:\/\/hodowlawaterlily.pl\/wp-content\/uploads\/2017\/10\/2u-300x211.jpg 300w, https:\/\/hodowlawaterlily.pl\/wp-content\/uploads\/2017\/10\/2u-768x541.jpg 768w\" sizes=\"(max-width: 709px) 85vw, (max-width: 909px) 67vw, (max-width: 1362px) 62vw, 840px\" \/><\/p>\n<p style=\"text-align: center;\"><img loading=\"lazy\" decoding=\"async\" class=\"aligncenter size-medium wp-image-753\" src=\"https:\/\/hodowlawaterlily.pl\/wp-content\/uploads\/2024\/09\/e624ce63-d6c1-4627-99ef-59750b6caf0d-140x300.jpg\" alt=\"kot rosyjski niebieski\n\" width=\"140\" height=\"300\" srcset=\"https:\/\/hodowlawaterlily.pl\/wp-content\/uploads\/2024\/09\/e624ce63-d6c1-4627-99ef-59750b6caf0d-140x300.jpg 140w, https:\/\/hodowlawaterlily.pl\/wp-content\/uploads\/2024\/09\/e624ce63-d6c1-4627-99ef-59750b6caf0d-478x1024.jpg 478w, https:\/\/hodowlawaterlily.pl\/wp-content\/uploads\/2024\/09\/e624ce63-d6c1-4627-99ef-59750b6caf0d-768x1645.jpg 768w, https:\/\/hodowlawaterlily.pl\/wp-content\/uploads\/2024\/09\/e624ce63-d6c1-4627-99ef-59750b6caf0d-717x1536.jpg 717w, https:\/\/hodowlawaterlily.pl\/wp-content\/uploads\/2024\/09\/e624ce63-d6c1-4627-99ef-59750b6caf0d.jpg 934w\" sizes=\"(max-width: 140px) 85vw, 140px\" \/><\/p>","protected":false},"excerpt":{"rendered":"<p>Kot Rosyjski Niebieski &#8211; mi\u0142o\u015b\u0107 w kolorze nieba. Je\u015bli marzysz o kocie rasowym, przeczytaj jak bezpiecznie dokona\u0107 tego zakupu. Zanim zdecydujesz si\u0119 na zakup kota, warto dowiedzie\u0107 si\u0119, z jakiego stowarzyszenia pochodzi hodowla. Koty rasowe, w tym rosyjskie niebieskie, powinny by\u0107 hodowane przez uznane i odpowiedzialne hodowle, kt\u00f3re s\u0105 cz\u0142onkami profesjonalnych stowarzysze\u0144. Pod egid\u0105 World &hellip; <a href=\"https:\/\/hodowlawaterlily.pl\/?page_id=173\" class=\"more-link\">Czytaj dalej<span class=\"screen-reader-text\"> \u201eZANIM KUPISZ KOTA\u201d<\/span><\/a><\/p>\n","protected":false},"author":1,"featured_media":0,"parent":0,"menu_order":0,"comment_status":"closed","ping_status":"closed","template":"","meta":{"footnotes":""},"class_list":["post-173","page","type-page","status-publish","hentry"],"yoast_head":"<!-- This site is optimized with the Yoast SEO Premium plugin v21.3 (Yoast SEO v24.5) - https:\/\/yoast.com\/wordpress\/plugins\/seo\/ -->\n<title>KOT ROSYJSKI NIEBIESKI -ZANIM KUPISZ KOTA | Hodowla Water Lily<\/title>\n<meta name=\"description\" content=\"Kot rosyjski niebieski - zanim kupisz kota dowiedz si\u0119 na co zwr\u00f3ci\u0107 szczeg\u00f3ln\u0105 uwag\u0119. Hodowla Water Lily Bydgoszcz, Drzewce.\" \/>\n<meta name=\"robots\" content=\"index, follow, max-snippet:-1, max-image-preview:large, max-video-preview:-1\" \/>\n<link rel=\"canonical\" href=\"https:\/\/hodowlawaterlily.pl\/?page_id=173\" \/>\n<meta property=\"og:locale\" content=\"pl_PL\" \/>\n<meta property=\"og:type\" content=\"article\" \/>\n<meta property=\"og:title\" content=\"ZANIM KUPISZ KOTA\" \/>\n<meta property=\"og:description\" content=\"Kot rosyjski niebieski - zanim kupisz kota dowiedz si\u0119 na co zwr\u00f3ci\u0107 szczeg\u00f3ln\u0105 uwag\u0119. Hodowla Water Lily Bydgoszcz, Drzewce.\" \/>\n<meta property=\"og:url\" content=\"https:\/\/hodowlawaterlily.pl\/?page_id=173\" \/>\n<meta property=\"og:site_name\" content=\"Hodowla Water Lily\" \/>\n<meta property=\"article:publisher\" content=\"https:\/\/www.facebook.com\/HodowlaWaterLily\" \/>\n<meta property=\"article:modified_time\" content=\"2024-09-30T12:00:16+00:00\" \/>\n<meta property=\"og:image\" content=\"http:\/\/wordpress1735196.home.pl\/autoinstalator\/wordpressplus\/wp-content\/uploads\/2017\/10\/Ulotka-strona-1.jpg\" \/>\n<meta name=\"twitter:card\" content=\"summary_large_image\" \/>\n<meta name=\"twitter:label1\" content=\"Szacowany czas czytania\" \/>\n\t<meta name=\"twitter:data1\" content=\"2 minuty\" \/>\n<script type=\"application\/ld+json\" class=\"yoast-schema-graph\">{\"@context\":\"https:\/\/schema.org\",\"@graph\":[{\"@type\":\"WebPage\",\"@id\":\"https:\/\/hodowlawaterlily.pl\/?page_id=173\",\"url\":\"https:\/\/hodowlawaterlily.pl\/?page_id=173\",\"name\":\"KOT ROSYJSKI NIEBIESKI -ZANIM KUPISZ KOTA | Hodowla Water Lily\",\"isPartOf\":{\"@id\":\"https:\/\/hodowlawaterlily.pl\/#website\"},\"primaryImageOfPage\":{\"@id\":\"https:\/\/hodowlawaterlily.pl\/?page_id=173#primaryimage\"},\"image\":{\"@id\":\"https:\/\/hodowlawaterlily.pl\/?page_id=173#primaryimage\"},\"thumbnailUrl\":\"http:\/\/wordpress1735196.home.pl\/autoinstalator\/wordpressplus\/wp-content\/uploads\/2017\/10\/Ulotka-strona-1.jpg\",\"datePublished\":\"2017-10-11T14:06:36+00:00\",\"dateModified\":\"2024-09-30T12:00:16+00:00\",\"description\":\"Kot rosyjski niebieski - zanim kupisz kota dowiedz si\u0119 na co zwr\u00f3ci\u0107 szczeg\u00f3ln\u0105 uwag\u0119. Hodowla Water Lily Bydgoszcz, Drzewce.\",\"breadcrumb\":{\"@id\":\"https:\/\/hodowlawaterlily.pl\/?page_id=173#breadcrumb\"},\"inLanguage\":\"pl-PL\",\"potentialAction\":[{\"@type\":\"ReadAction\",\"target\":[\"https:\/\/hodowlawaterlily.pl\/?page_id=173\"]}]},{\"@type\":\"ImageObject\",\"inLanguage\":\"pl-PL\",\"@id\":\"https:\/\/hodowlawaterlily.pl\/?page_id=173#primaryimage\",\"url\":\"http:\/\/wordpress1735196.home.pl\/autoinstalator\/wordpressplus\/wp-content\/uploads\/2017\/10\/Ulotka-strona-1.jpg\",\"contentUrl\":\"http:\/\/wordpress1735196.home.pl\/autoinstalator\/wordpressplus\/wp-content\/uploads\/2017\/10\/Ulotka-strona-1.jpg\"},{\"@type\":\"BreadcrumbList\",\"@id\":\"https:\/\/hodowlawaterlily.pl\/?page_id=173#breadcrumb\",\"itemListElement\":[{\"@type\":\"ListItem\",\"position\":1,\"name\":\"Strona g\u0142\u00f3wna\",\"item\":\"https:\/\/hodowlawaterlily.pl\/\"},{\"@type\":\"ListItem\",\"position\":2,\"name\":\"ZANIM KUPISZ KOTA\"}]},{\"@type\":\"WebSite\",\"@id\":\"https:\/\/hodowlawaterlily.pl\/#website\",\"url\":\"https:\/\/hodowlawaterlily.pl\/\",\"name\":\"Hodowla Water Lily\",\"description\":\"Russian Blue\",\"potentialAction\":[{\"@type\":\"SearchAction\",\"target\":{\"@type\":\"EntryPoint\",\"urlTemplate\":\"https:\/\/hodowlawaterlily.pl\/?s={search_term_string}\"},\"query-input\":{\"@type\":\"PropertyValueSpecification\",\"valueRequired\":true,\"valueName\":\"search_term_string\"}}],\"inLanguage\":\"pl-PL\"},{\"@type\":\"ImageObject\",\"inLanguage\":\"pl-PL\",\"@id\":\"https:\/\/hodowlawaterlily.pl\/?page_id=173#local-main-organization-logo\",\"url\":\"\",\"contentUrl\":\"\",\"caption\":\"Hodowla Water Lily\"}]}<\/script>\n<!-- \/ Yoast SEO Premium plugin. -->","yoast_head_json":{"title":"KOT ROSYJSKI NIEBIESKI -ZANIM KUPISZ KOTA | Hodowla Water Lily","description":"Kot rosyjski niebieski - zanim kupisz kota dowiedz si\u0119 na co zwr\u00f3ci\u0107 szczeg\u00f3ln\u0105 uwag\u0119. Hodowla Water Lily Bydgoszcz, Drzewce.","robots":{"index":"index","follow":"follow","max-snippet":"max-snippet:-1","max-image-preview":"max-image-preview:large","max-video-preview":"max-video-preview:-1"},"canonical":"https:\/\/hodowlawaterlily.pl\/?page_id=173","og_locale":"pl_PL","og_type":"article","og_title":"ZANIM KUPISZ KOTA","og_description":"Kot rosyjski niebieski - zanim kupisz kota dowiedz si\u0119 na co zwr\u00f3ci\u0107 szczeg\u00f3ln\u0105 uwag\u0119. Hodowla Water Lily Bydgoszcz, Drzewce.","og_url":"https:\/\/hodowlawaterlily.pl\/?page_id=173","og_site_name":"Hodowla Water Lily","article_publisher":"https:\/\/www.facebook.com\/HodowlaWaterLily","article_modified_time":"2024-09-30T12:00:16+00:00","og_image":[{"url":"http:\/\/wordpress1735196.home.pl\/autoinstalator\/wordpressplus\/wp-content\/uploads\/2017\/10\/Ulotka-strona-1.jpg","type":"","width":"","height":""}],"twitter_card":"summary_large_image","twitter_misc":{"Szacowany czas czytania":"2 minuty"},"schema":{"@context":"https:\/\/schema.org","@graph":[{"@type":"WebPage","@id":"https:\/\/hodowlawaterlily.pl\/?page_id=173","url":"https:\/\/hodowlawaterlily.pl\/?page_id=173","name":"KOT ROSYJSKI NIEBIESKI -ZANIM KUPISZ KOTA | Hodowla Water Lily","isPartOf":{"@id":"https:\/\/hodowlawaterlily.pl\/#website"},"primaryImageOfPage":{"@id":"https:\/\/hodowlawaterlily.pl\/?page_id=173#primaryimage"},"image":{"@id":"https:\/\/hodowlawaterlily.pl\/?page_id=173#primaryimage"},"thumbnailUrl":"http:\/\/wordpress1735196.home.pl\/autoinstalator\/wordpressplus\/wp-content\/uploads\/2017\/10\/Ulotka-strona-1.jpg","datePublished":"2017-10-11T14:06:36+00:00","dateModified":"2024-09-30T12:00:16+00:00","description":"Kot rosyjski niebieski - zanim kupisz kota dowiedz si\u0119 na co zwr\u00f3ci\u0107 szczeg\u00f3ln\u0105 uwag\u0119. Hodowla Water Lily Bydgoszcz, Drzewce.","breadcrumb":{"@id":"https:\/\/hodowlawaterlily.pl\/?page_id=173#breadcrumb"},"inLanguage":"pl-PL","potentialAction":[{"@type":"ReadAction","target":["https:\/\/hodowlawaterlily.pl\/?page_id=173"]}]},{"@type":"ImageObject","inLanguage":"pl-PL","@id":"https:\/\/hodowlawaterlily.pl\/?page_id=173#primaryimage","url":"http:\/\/wordpress1735196.home.pl\/autoinstalator\/wordpressplus\/wp-content\/uploads\/2017\/10\/Ulotka-strona-1.jpg","contentUrl":"http:\/\/wordpress1735196.home.pl\/autoinstalator\/wordpressplus\/wp-content\/uploads\/2017\/10\/Ulotka-strona-1.jpg"},{"@type":"BreadcrumbList","@id":"https:\/\/hodowlawaterlily.pl\/?page_id=173#breadcrumb","itemListElement":[{"@type":"ListItem","position":1,"name":"Strona g\u0142\u00f3wna","item":"https:\/\/hodowlawaterlily.pl\/"},{"@type":"ListItem","position":2,"name":"ZANIM KUPISZ KOTA"}]},{"@type":"WebSite","@id":"https:\/\/hodowlawaterlily.pl\/#website","url":"https:\/\/hodowlawaterlily.pl\/","name":"Hodowla Water Lily","description":"Russian Blue","potentialAction":[{"@type":"SearchAction","target":{"@type":"EntryPoint","urlTemplate":"https:\/\/hodowlawaterlily.pl\/?s={search_term_string}"},"query-input":{"@type":"PropertyValueSpecification","valueRequired":true,"valueName":"search_term_string"}}],"inLanguage":"pl-PL"},{"@type":"ImageObject","inLanguage":"pl-PL","@id":"https:\/\/hodowlawaterlily.pl\/?page_id=173#local-main-organization-logo","url":"","contentUrl":"","caption":"Hodowla Water Lily"}]}},"_links":{"self":[{"href":"https:\/\/hodowlawaterlily.pl\/index.php?rest_route=\/wp\/v2\/pages\/173"}],"collection":[{"href":"https:\/\/hodowlawaterlily.pl\/index.php?rest_route=\/wp\/v2\/pages"}],"about":[{"href":"https:\/\/hodowlawaterlily.pl\/index.php?rest_route=\/wp\/v2\/types\/page"}],"author":[{"embeddable":true,"href":"https:\/\/hodowlawaterlily.pl\/index.php?rest_route=\/wp\/v2\/users\/1"}],"replies":[{"embeddable":true,"href":"https:\/\/hodowlawaterlily.pl\/index.php?rest_route=%2Fwp%2Fv2%2Fcomments&post=173"}],"version-history":[{"count":13,"href":"https:\/\/hodowlawaterlily.pl\/index.php?rest_route=\/wp\/v2\/pages\/173\/revisions"}],"predecessor-version":[{"id":865,"href":"https:\/\/hodowlawaterlily.pl\/index.php?rest_route=\/wp\/v2\/pages\/173\/revisions\/865"}],"wp:attachment":[{"href":"https:\/\/hodowlawaterlily.pl\/index.php?rest_route=%2Fwp%2Fv2%2Fmedia&parent=173"}],"curies":[{"name":"wp","href":"https:\/\/api.w.org\/{rel}","templated":true}]}}